{"id":158,"date":"2018-06-11T15:59:46","date_gmt":"2018-06-11T15:59:46","guid":{"rendered":"http:\/\/co2-klimaretter.de\/?page_id=158"},"modified":"2018-06-11T15:59:59","modified_gmt":"2018-06-11T15:59:59","slug":"datenschutz","status":"publish","type":"page","link":"http:\/\/co2-klimaretter.de\/?page_id=158","title":{"rendered":"Datenschutz"},"content":{"rendered":"<p>Datenschutz<br \/>\n(1) Der Schutz und die Sicherheit von pers\u00f6nlichen Daten hat bei uns eine hohe Priorit\u00e4t. Nachfolgend werden Sie dar\u00fcber informiert, welche Daten erfasst und zu welchem Zweck sie erhoben werden. Personenbezogene Daten sind alle Daten, die auf Sie pers\u00f6nlich beziehbar sind, z. B. Name, Adresse, E-Mail-Adressen, Nutzerverhalten.<\/p>\n<p>(2) Verantwortlicher gem. Art. 4 Abs. 7 EU-Datenschutz-Grundverordnung (DS-GVO) \u2013 siehe unser Impressum. Unseren Datenschutzbeauftragten erreichen Sie unter martin.haiss@zickwolff.de oder unserer Postadresse mit dem Zusatz \u201eder Datenschutzbeauftragte\u201c.<\/p>\n<p>(3) Die Nutzung unserer Webseite ist in der Regel ohne Angaben personenbezogener Daten m\u00f6glich. Soweit personenbezogene Daten erhoben werden, erfolgt dies auf freiwilliger Basis. Dies geschieht z.B. bei Ihrer Kontaktaufnahme mit uns per E-Mail oder \u00fcber ein Kontaktformular. Hier werden die von Ihnen mitgeteilten Daten (Ihre E-Mail-Adresse, ggf. Ihr Name und Ihre Telefonnummer) von uns gespeichert, um Ihre Anfrage beantworten zu k\u00f6nnen. Die in diesem Zusammenhang anfallenden Daten werden gel\u00f6scht, nachdem die Speicherung nicht mehr erforderlich ist und sofern keine gesetzliche Aufbewahrungspflichten bestehen.<\/p>\n<p>(4) Falls wir f\u00fcr einzelne Funktionen unseres Angebots auf beauftragte Dienstleister zur\u00fcckgreifen oder Ihre Daten f\u00fcr werbliche Zwecke nutzen m\u00f6chten, werden wir Sie untenstehend im Detail \u00fcber die jeweiligen Vorg\u00e4nge informieren. Dabei nennen wir auch die festgelegten Kriterien der Speicherdauer.<\/p>\n<p>2. Rechte der Betroffenen<\/p>\n<p>(1) Sie haben jederzeit folgende Rechte hinsichtlich der Sie betreffenden personenbezogenen Daten:<br \/>\nRecht auf Auskunft, Art. 15 DSGVO<br \/>\nRecht auf Berichtigung oder L\u00f6schung, Art. 16,17 DSGVO<br \/>\nRecht auf Einschr\u00e4nkung der Verarbeitung, Art.18 DSGVO<br \/>\nRecht auf Daten\u00fcbertragbarkeit. Art. 20 DSGVO<br \/>\nRecht auf Widerspruch gegen die Verarbeitung, Art. 21 DSGVO<br \/>\nEin passendes Formular finden Sie hier: Datenschutz-Formular[164 KB]<\/p>\n<p>(2) Sie haben zudem das Recht, sich bei einer Datenschutz-Aufsichtsbeh\u00f6rde \u00fcber die Verarbeitung Ihrer personenbezogenen Daten durch uns zu beschweren.<\/p>\n<p>3. Erhebung personenbezogener Daten bei Besuch unserer Webseite<\/p>\n<p>(1) Beim Aufrufen der Webseite, wenn Sie kein Kontaktformular ausf\u00fcllen oder sonstige Angaben machen, werden nur solche personenbezogenen Daten gespeichert, die Ihr Browser an unseren Server \u00fcbermittelt. Es werden in diesem Fall nur die Daten erhoben, die f\u00fcr uns technisch erforderlich sind, um Ihnen unsere Website anzuzeigen und die Stabilit\u00e4t und Sicherheit zu gew\u00e4hrleisten Rechtsgrundlage ist Art. 6 Abs. 1 S. 1 f DS-GVO):<br \/>\nIP-Adresse<br \/>\nDatum und Uhrzeit der Anfrage<br \/>\nZeitzonendifferenz zur Greenwich Mean Time (GMT)<br \/>\nInhalt der Anforderung (konkrete Seite)<br \/>\nAufrufstatus\/HTTP-Statuscode<br \/>\njeweils \u00fcbertragene Datenmenge<br \/>\nWebsite, von der die Anforderung kommt<br \/>\nBrowser<br \/>\nBetriebssystem und dessen Oberfl\u00e4che<br \/>\nSprache und Version der Browsersoftware.<\/p>\n<p>(2) Zus\u00e4tzlich zu den zuvor genannten Daten werden bei der Nutzung unserer Website Cookies auf Ihrem Rechner gespeichert. Cookies sind kleine Textdateien, die auf Ihrem Rechner abgelegt werden und die Ihr Browser speichert. Sie dienen dazu, das Internetangebot insgesamt nutzerfreundlicher, effektiver und sicherer zu machen.<\/p>\n<p>4. Einsatz von Cookies<\/p>\n<p>(1) Diese Website nutzt folgende Arten von Cookies (zutreffendes bitte ausw\u00e4hlen)Transiente Cookies (tempor\u00e4rer Einsatz)<br \/>\nPersistente Cookies (zeitlich beschr\u00e4nkter Einsatz)<br \/>\nThird-Party Cookies (von Drittanbietern) Flash-Cookies (dauerhafter Einsatz)<br \/>\nTransiente Cookies werden automatisiert gel\u00f6scht, wenn Sie den Browser schlie\u00dfen. Dazu z\u00e4hlen insbesondere die Session-Cookies. Diese speichern eine sogenannte Session-ID, mit welcher sich verschiedene Anfragen Ihres Browsers der gemeinsamen Sitzung zuordnen lassen. Dadurch kann Ihr Rechner wiedererkannt werden, wenn Sie auf unsere Website zur\u00fcckkehren.<\/p>\n<p>Persistente Cookies werden automatisiert nach einer vorgegebenen Dauer gel\u00f6scht, die sich je nach Cookie unterscheiden kann.<br \/>\nSie k\u00f6nnen die Cookies in den Sicherheitseinstellungen Ihres Browsers jederzeit l\u00f6schen.<\/p>\n<p>Third Party Cookies sind Cookies von Drittanbietern. Diese werden von einer anderen Website angelegt.<br \/>\nSie werden z. B. von Werbetreibenden genutzt, die \u00fcber ihre Werbeschaltungen auf anderen Seiten mit den Cookies Nutzerinformationen sammeln. Es handelt sich dabei um Datens\u00e4tze, die im Browser des Nutzers hinterlegt werden, wenn er eine Seite mit der Werbung besucht. Besucht er erneut eine Seite mit Werbung des gleichen Anbieters, wird er wiedererkannt. Ein Beispiel hierf\u00fcr sind auch die \u201cGef\u00e4llt mir\u201c-Buttons von Facebook. Beim Benutzen dieser Schaltfl\u00e4che wird ein Cookie gesetzt, welches von Facebook gelesen werden kann. Ein solches Cookie wird als Drittanbieter-Cookie bezeichnet.<\/p>\n<p>(2) Sie k\u00f6nnen Ihren Browser so einstellen, dass Sie \u00fcber das Setzen von Cookies informiert werden und Cookies nur im Einzelfall erlauben, die Annahme von Cookies f\u00fcr bestimmte F\u00e4lle oder generell ausschlie\u00dfen sowie da automatische L\u00f6schen der Cookies beim Schlie\u00dfen des Browsers aktivieren.<br \/>\nBei Deaktivierung von Cookies kann die Funktionalit\u00e4t dieser Website eingeschr\u00e4nkt sein.<\/p>\n<p>(3) Wir setzen Cookies ein, um Sie f\u00fcr Folgebesuche identifizieren zu k\u00f6nnen, falls Sie \u00fcber einen Account bei uns verf\u00fcgen. Andernfalls m\u00fcssten Sie sich f\u00fcr jeden Besuch erneut einloggen.<\/p>\n<p>(4) Die genutzten Flash-Cookies werden nicht durch Ihren Browser erfasst, sondern durch Ihr Flash-Plug-in. Weiterhin nutzen wir HTML5 storage objects, die auf Ihrem Endger\u00e4t abgelegt werden. Diese Objekte speichern die erforderlichen Daten unabh\u00e4ngig von Ihrem verwendeten Browser und haben kein automatisches Ablaufdatum. Wenn Sie keine Verarbeitung der Flash-Cookies w\u00fcnschen, m\u00fcssen Sie ein entsprechendes Add-On installieren, z. B. \u201eBetter Privacy\u201c f\u00fcr Mozilla Firefox (https:\/\/addons.mozilla.org\/de\/firefox\/addon\/betterprivacy\/) oder das Adobe-Flash-Killer-Cookie f\u00fcr Google Chrome. Die Nutzung von HTML5 storage objects k\u00f6nnen Sie verhindern, indem Sie in Ihrem Browser den privaten Modus einsetzen. Zudem empfehlen wir, regelm\u00e4\u00dfig Ihre Cookies und den Browser-Verlauf manuell zu l\u00f6schen.<\/p>\n<p>5. Server-Logfiles<\/p>\n<p>Der Websitebetreiber bzw. Seitenprovider erhebt Daten \u00fcber Zugriffe auf die Seite und speichert diese als \u201eServer-Logfiles\u201c ab. Folgende Daten werden so protokolliert:Besuchte Website Uhrzeit zum Zeitpunkt des Zugriffes Menge der gesendeten Daten in Byte Quelle\/Verweis, von welchem Sie auf die Seite gelangten Verwendeter Browser Verwendetes Betriebssystem Verwendete IP-Adresse (ggf.: in anonymisierter Form)Die erhobenen Daten dienen lediglich statistischen Auswertungen und zur Verbesserung der Website. Der Websitebetreiber beh\u00e4lt sich allerdings vor, die Server-Logfiles nachtr\u00e4glich zu \u00fcberpr\u00fcfen, sollten konkrete Anhaltspunkte auf eine rechtswidrige Nutzung hinweisen.<\/p>\n<p>6. Web Analytics\/Google Analytics<\/p>\n<p>Diese Website benutzt Google Analytics, einen Webanalysedienst der Google Inc. (\u201eGoogle\u201c).<br \/>\nHiermit wird das Surfverhalten der Nutzer analysiert, dies hilft uns unser Angebot f\u00fcr Sie zu verbessern und unser Webseite interessanter zu gestalten.<br \/>\nGoogle Analytics setzt Cookies (Details s.o.), die auf Ihrem Computer gespeichert werden und so die eine Analyse der Benutzung der Website durch Sie erm\u00f6glichen.<br \/>\nDie dadurch erhaltenen Informationen \u00fcber Ihre Benutzung dieser Website werden in der Regel auf einem Server von Google in den USA gespeichert.<\/p>\n<p>Im Falle der Aktivierung der IP-Anonymisierung auf dieser Website, wird Ihre IP-Adresse von Google jedoch innerhalb von Mitgliedstaaten der Europ\u00e4ischen Union oder in anderen Vertragsstaaten des Abkommens \u00fcber den Europ\u00e4ischen Wirtschaftsraum zuvor gek\u00fcrzt. Nur in Ausnahmef\u00e4llen wird die volle IP-Adresse an einen Server von Google in den USA \u00fcbertragen und dort gek\u00fcrzt. Im Auftrag des Betreibers dieser Website wird Google diese Informationen benutzen, um Ihre Nutzung der Website auszuwerten, um Reports \u00fcber die Website-Aktivit\u00e4ten zusammenzustellen und um weitere mit der Website-Nutzung und der Internetnutzung verbundene Dienstleistungen gegen\u00fcber dem Website-Betreiber zu erbringen.<\/p>\n<p>Die im Rahmen von Google Analytics von Ihrem Browser \u00fcbermittelte IP-Adresse wird nicht mit anderen Daten von Google zusammengef\u00fchrt.<\/p>\n<p>Sie k\u00f6nnen Ihren Browser so einstellen, dass Sie \u00fcber das Setzen von Cookies informiert werden und Cookies nur im Einzelfall erlauben, die Annahme von Cookies f\u00fcr bestimmte F\u00e4lle oder generell ausschlie\u00dfen sowie da automatische L\u00f6schen der Cookies beim Schlie\u00dfen des Browsers aktivieren. Bei Deaktivierung von Cookies kann die Funktionalit\u00e4t dieser Website eingeschr\u00e4nkt sein.<\/p>\n<p>Sie k\u00f6nnen dar\u00fcber hinaus die Erfassung der durch das Cookie erzeugten und auf Ihre Nutzung der Website bezogenen Daten an Google sowie die Verarbeitung dieser Daten durch Google verhindern, indem sie das unter dem folgenden Link verf\u00fcgbare Browser-Plug-in herunterladen und installieren: http:\/\/tools.google.com\/dlpage\/gaoptout?hl=de.<\/p>\n<p>Diese Website verwendet Google Analytics mit der Erweiterung \u201e_anonymizeIp()\u201c. Dadurch werden IP-Adressen gek\u00fcrzt weiterverarbeitet, eine Personenbeziehbarkeit kann damit ausgeschlossen werden. Soweit den \u00fcber Sie erhobenen Daten ein Personenbezug zukommt, wird dieser also sofort ausgeschlossen und die personenbezogenen Daten damit umgehend gel\u00f6scht.<\/p>\n<p>Sollten personenbezogene Daten in die USA \u00fcbertragen werden, hat sich Google dem EU-US Privacy Shield unterworfen, https:\/\/www.privacyshield.gov\/EU-US-Framework.<\/p>\n<p>Rechtsgrundlage f\u00fcr die Nutzung von Google Analytics ist Art. 6 Abs. 1 S. 1 lit. f DS-GVO.<\/p>\n<p>Informationen des Drittanbieters:<br \/>\nGoogle Dublin, Google Ireland Ltd., Gordon House, Barrow Street, Dublin 4, Ireland, Fax: +353 (1) 436 1001.<br \/>\nNutzerbedingungen:<br \/>\nhttp:\/\/www.google.com\/analytics\/terms\/de.html,<br \/>\n\u00dcbersicht zum Datenschutz: http:\/\/www.google.com\/intl\/de\/analytics\/learn\/privacy.html, sowie die Datenschutzerkl\u00e4rung: http:\/\/www.google.de\/intl\/de\/policies\/privacy.<br \/>\nDiese Website verwendet Google Analytics zudem f\u00fcr eine ger\u00e4te\u00fcbergreifende Analyse von Besucherstr\u00f6men, die \u00fcber eine User-ID durchgef\u00fchrt wird. Sie k\u00f6nnen in Ihrem Kundenkonto unter \u201eMeine Daten\u201c, \u201epers\u00f6nliche Daten\u201c die ger\u00e4te\u00fcbergreifende Analyse Ihrer Nutzung deaktivieren.<\/p>\n<p>7. Google Maps<\/p>\n<p>Auf dieser Webseite nutzen wir das Angebot von Google Maps um Ihnen interaktive Karten direkt in der Website anzeigen.<br \/>\nDurch den Besuch auf der Website erh\u00e4lt Google die Information, dass Sie die entsprechende Unterseite unserer Website aufgerufen haben. Zudem werden weitere Daten \u00fcbermittelt. Dies erfolgt unabh\u00e4ngig davon, ob Sie ein Google-Nutzerkonto haben und eingeloggt sind oder ob kein Nutzerkonto besteht. Besteht ein Konto und Sie sind eingeloggt, werden Ihre Daten direkt Ihrem Konto zugeordnet.<\/p>\n<p>Sie k\u00f6nnen dies verhindern, indem Sie sich vor der Aktivierung des Buttons ausloggen.<\/p>\n<p>Google speichert Ihre Daten als Nutzungsprofile und nutzt sie f\u00fcr Zwecke der Werbung, Marktforschung und\/oder bedarfsgerechten Gestaltung seiner Website. Eine solche Auswertung erfolgt insbesondere (selbst f\u00fcr nicht eingeloggte Nutzer) zur Erbringung von bedarfsgerechter Werbung und um andere Nutzer des sozialen Netzwerks \u00fcber Ihre Aktivit\u00e4ten auf unserer Website zu informieren.<\/p>\n<p>Sie haben diesbez\u00fcglich ein Widerspruchsrecht, dass Sie an Google richten m\u00fcssen.<\/p>\n<p>Weitere Informationen auch bez\u00fcglich Ihrer Rechte und Einstellungsm\u00f6glichkeiten zum Schutze Ihrer Privatsph\u00e4re erhalten Sie unter:<br \/>\nhttp:\/\/www.google.de\/intl\/de\/policies\/privacy.<br \/>\nGoogle verarbeitet Ihre personenbezogenen Daten auch in den USA und hat sich dem EU-US Privacy Shield unterworfen<br \/>\nhttps:\/\/www.privacyshield.gov\/EU-US-Framework.<\/p>\n<p>8. \u00c4nderungen dieser Datenschutzbestimmungen<\/p>\n<p>Wir werden diese Richtlinien zum Schutz Ihrer pers\u00f6nlichen Daten von Zeit zu Zeit aktualisieren. Sie sollten sich diese Richtlinien gelegentlich ansehen, um auf dem Laufenden dar\u00fcber zu bleiben, wie wir Ihre Daten sch\u00fctzen und die Inhalte unserer Website stetig verbessern. Sollten wir wesentliche \u00c4nderungen bei der Sammlung, der Nutzung und\/oder der Weitergabe der uns von Ihnen zur Verf\u00fcgung gestellten personenbezogenen Daten vornehmen, werden wir Sie durch einen eindeutigen und gut sichtbaren Hinweis auf der Website darauf aufmerksam machen. Mit der Nutzung der Webseite erkl\u00e4ren Sie sich mit den Bedingungen dieser Richtlinien zum Schutz pers\u00f6nlicher Daten einverstanden.<\/p>\n<p>Bei Fragen zu diesen Datenschutzbestimmungen wenden Sie sich bitte \u00fcber unsere Kontakt-Seite an uns.<\/p>\n<p>\u2013 Wir l\u00f6schen personenbezogene Daten, wenn der bzw. die Betroffene dies verlangt. Senden Sie in diesem Fall bitte eine E-Mail an die Mail-Adresse info-mainz@zickwolff.de<\/p>\n<p>Ort der Datenverarbeitung ist Langenfeld. Es werden keine personenbezogenen Daten au\u00dferhalb des Anwendungsbereichs der Europ\u00e4ischen Datenschutzrichtlinie verarbeitet.<\/p>\n","protected":false},"excerpt":{"rendered":"<p>Datenschutz (1) Der Schutz und die Sicherheit von pers\u00f6nlichen Daten hat bei uns eine hohe Priorit\u00e4t. Nachfolgend werden Sie dar\u00fcber informiert, welche Daten erfasst und zu welchem Zweck sie erhoben werden. Personenbezogene Daten sind alle Daten, die auf Sie pers\u00f6nlich beziehbar sind, z. B. Name, Adresse, E-Mail-Adressen, Nutzerverhalten. (2) Verantwortlicher gem. Art. 4 Abs. 7&hellip;<\/p>\n","protected":false},"author":1,"featured_media":0,"parent":0,"menu_order":0,"comment_status":"closed","ping_status":"closed","template":"","meta":{"footnotes":""},"class_list":["post-158","page","type-page","status-publish","hentry"],"_links":{"self":[{"href":"http:\/\/co2-klimaretter.de\/index.php?rest_route=\/wp\/v2\/pages\/158","targetHints":{"allow":["GET"]}}],"collection":[{"href":"http:\/\/co2-klimaretter.de\/index.php?rest_route=\/wp\/v2\/pages"}],"about":[{"href":"http:\/\/co2-klimaretter.de\/index.php?rest_route=\/wp\/v2\/types\/page"}],"author":[{"embeddable":true,"href":"http:\/\/co2-klimaretter.de\/index.php?rest_route=\/wp\/v2\/users\/1"}],"replies":[{"embeddable":true,"href":"http:\/\/co2-klimaretter.de\/index.php?rest_route=%2Fwp%2Fv2%2Fcomments&post=158"}],"version-history":[{"count":2,"href":"http:\/\/co2-klimaretter.de\/index.php?rest_route=\/wp\/v2\/pages\/158\/revisions"}],"predecessor-version":[{"id":160,"href":"http:\/\/co2-klimaretter.de\/index.php?rest_route=\/wp\/v2\/pages\/158\/revisions\/160"}],"wp:attachment":[{"href":"http:\/\/co2-klimaretter.de\/index.php?rest_route=%2Fwp%2Fv2%2Fmedia&parent=158"}],"curies":[{"name":"wp","href":"https:\/\/api.w.org\/{rel}","templated":true}]}}